{"id":396,"date":"2024-04-30T10:58:06","date_gmt":"2024-04-30T10:58:06","guid":{"rendered":"https:\/\/vpok.nl\/?page_id=396"},"modified":"2024-05-14T18:36:40","modified_gmt":"2024-05-14T18:36:40","slug":"de-toekomst","status":"publish","type":"page","link":"https:\/\/vpok.nl\/index.php\/de-toekomst\/","title":{"rendered":"DE TOEKOMST"},"content":{"rendered":"\n<h2 class=\"wp-block-heading\">Onze toekomstvisie op de vrijgevestigde praktijk binnen gemeentelijk jeugdbeleid<\/h2>\n\n\n\n<h2 class=\"wp-block-heading\">Vrije keuze in de jeugdzorg<\/h2>\n\n\n\n<p>Vrijgevestigde praktijken zijn onmisbaar voor gemeenten, verwijzers, ouders en kinderen in de regio. \u00a0 <\/p>\n\n\n\n<p>Juist de aanwezigheid van zowel grote instellingen die veel capaciteit hebben, als ook de kleine specialistische vrijgevestigde praktijken die snel kunnen inspringen en flexibel zorg kunnen bieden, zorgt voor een rijk en allround zorglandschap. Zij kunnen niet zonder elkaar. <\/p>\n\n\n\n<p>Als VPOK maken we deze samenwerking in het zorglandschap makkelijker, door samen \u00e9\u00e9n gezicht te presenteren. Zo zijn we makkelijk te vinden en te bereiken. Voor de cli\u00ebnten bieden we kwaliteit, betrokkenheid en eenvoud. We schalen gemakkelijk op en af.<br><br>Zorg werkt op zijn best als mensen zich ergens gezien, gehoord en thuis voelen. Zo past niet ieder gezin bij een grotere instelling, en niet ieder gezin bij een vrijgevestigde praktijk. Vanuit het geloof in de eigen kracht van de mens, is het goed hen te vertrouwen op hun voorkeur voor zorg: zij weten zelf vaak goed wat zij nodig hebben en wat bij hen past.<\/p>\n\n\n\n<p>Wij staan daarom voor het behoud van de vrij toegankelijke jeugdzorg en jeugd GGZ, of dit nu gaat om hulpverlening vanuit een vrijgevestigde praktijk of vanuit een instelling. De uiteindelijke keuze is aan de ouder en het kind.&nbsp;<\/p>\n\n\n\n<h3 class=\"wp-block-heading\">De toekomst<\/h3>\n\n\n\n<p>Op naar een toekomst waarin de vrijgevestigde jeugdzorg- en jeugd ggz praktijken hun unieke en specialistische waarde kunnen bijdragen aan het zorglandschap. Zodat wij als samenwerkingspartners elkaar versterken, inspireren en stimuleren en zo meer zijn dan de som van de delen. En een toekomst waarin we onze passie en visie kunnen uitdragen en overdragen aan de sleutelfiguren in beleid en organisaties.<\/p>\n\n\n<style>.kb-row-layout-id396_7a65f8-8f > .kt-row-column-wrap{align-content:start;}:where(.kb-row-layout-id396_7a65f8-8f > .kt-row-column-wrap) > .wp-block-kadence-column{justify-content:start;}.kb-row-layout-id396_7a65f8-8f > .kt-row-column-wrap{column-gap:var(--global-kb-gap-md, 2rem);row-gap:var(--global-kb-gap-md, 2rem);padding-top:var(--global-kb-spacing-sm, 1.5rem);padding-bottom:var(--global-kb-spacing-sm, 1.5rem);grid-template-columns:minmax(0, 1fr);}.kb-row-layout-id396_7a65f8-8f > .kt-row-layout-overlay{opacity:0.30;}@media all and (max-width: 1024px){.kb-row-layout-id396_7a65f8-8f > .kt-row-column-wrap{grid-template-columns:minmax(0, 1fr);}}@media all and (max-width: 767px){.kb-row-layout-id396_7a65f8-8f > .kt-row-column-wrap{grid-template-columns:minmax(0, 1fr);}}<\/style><div class=\"kb-row-layout-wrap kb-row-layout-id396_7a65f8-8f alignnone wp-block-kadence-rowlayout\"><div class=\"kt-row-column-wrap kt-has-1-columns kt-row-layout-equal kt-tab-layout-inherit kt-mobile-layout-row kt-row-valign-top\">\n<style>.kadence-column396_baef24-a9 > .kt-inside-inner-col,.kadence-column396_baef24-a9 > .kt-inside-inner-col:before{border-top-left-radius:0px;border-top-right-radius:0px;border-bottom-right-radius:0px;border-bottom-left-radius:0px;}.kadence-column396_baef24-a9 > .kt-inside-inner-col{column-gap:var(--global-kb-gap-sm, 1rem);}.kadence-column396_baef24-a9 > .kt-inside-inner-col{flex-direction:column;}.kadence-column396_baef24-a9 > .kt-inside-inner-col > .aligncenter{width:100%;}.kadence-column396_baef24-a9 > .kt-inside-inner-col:before{opacity:0.3;}.kadence-column396_baef24-a9{position:relative;}@media all and (max-width: 1024px){.kadence-column396_baef24-a9 > .kt-inside-inner-col{flex-direction:column;justify-content:center;}}@media all and (max-width: 767px){.kadence-column396_baef24-a9 > .kt-inside-inner-col{flex-direction:column;justify-content:center;}}<\/style>\n<div class=\"wp-block-kadence-column kadence-column396_baef24-a9\"><div class=\"kt-inside-inner-col\"><div class=\"wp-block-image\">\n<figure class=\"aligncenter size-large\"><img loading=\"lazy\" decoding=\"async\" width=\"683\" height=\"1024\" src=\"https:\/\/vpok.nl\/wp-content\/uploads\/2024\/04\/boy-running-during-sunset-1416736-683x1024.jpg\" alt=\"Boy Running during Sunset\" class=\"wp-image-300\"\/><\/figure>\n<\/div><\/div><\/div>\n\n<\/div><\/div>","protected":false},"excerpt":{"rendered":"<p>Onze toekomstvisie op de vrijgevestigde praktijk binnen gemeentelijk jeugdbeleid Vrije keuze in de jeugdzorg Vrijgevestigde praktijken zijn onmisbaar voor gemeenten, verwijzers, ouders en kinderen in de regio. \u00a0 Juist de aanwezigheid van zowel grote instellingen die veel capaciteit hebben, als ook de kleine specialistische vrijgevestigde praktijken die snel kunnen inspringen en flexibel zorg kunnen bieden,&#8230;<\/p>\n","protected":false},"author":1,"featured_media":300,"parent":0,"menu_order":0,"comment_status":"closed","ping_status":"closed","template":"","meta":{"_kadence_starter_templates_imported_post":false,"_kad_post_transparent":"","_kad_post_title":"","_kad_post_layout":"","_kad_post_sidebar_id":"","_kad_post_content_style":"","_kad_post_vertical_padding":"","_kad_post_feature":"","_kad_post_feature_position":"","_kad_post_header":false,"_kad_post_footer":false,"_kad_post_classname":"","footnotes":""},"class_list":["post-396","page","type-page","status-publish","has-post-thumbnail","hentry"],"_links":{"self":[{"href":"https:\/\/vpok.nl\/index.php\/wp-json\/wp\/v2\/pages\/396","targetHints":{"allow":["GET"]}}],"collection":[{"href":"https:\/\/vpok.nl\/index.php\/wp-json\/wp\/v2\/pages"}],"about":[{"href":"https:\/\/vpok.nl\/index.php\/wp-json\/wp\/v2\/types\/page"}],"author":[{"embeddable":true,"href":"https:\/\/vpok.nl\/index.php\/wp-json\/wp\/v2\/users\/1"}],"replies":[{"embeddable":true,"href":"https:\/\/vpok.nl\/index.php\/wp-json\/wp\/v2\/comments?post=396"}],"version-history":[{"count":4,"href":"https:\/\/vpok.nl\/index.php\/wp-json\/wp\/v2\/pages\/396\/revisions"}],"predecessor-version":[{"id":448,"href":"https:\/\/vpok.nl\/index.php\/wp-json\/wp\/v2\/pages\/396\/revisions\/448"}],"wp:featuredmedia":[{"embeddable":true,"href":"https:\/\/vpok.nl\/index.php\/wp-json\/wp\/v2\/media\/300"}],"wp:attachment":[{"href":"https:\/\/vpok.nl\/index.php\/wp-json\/wp\/v2\/media?parent=396"}],"curies":[{"name":"wp","href":"https:\/\/api.w.org\/{rel}","templated":true}]}}